{"id":5995,"date":"2021-03-11T14:27:46","date_gmt":"2021-03-11T14:27:46","guid":{"rendered":"http:\/\/zue.eus\/aviso-legal\/"},"modified":"2021-04-18T08:42:46","modified_gmt":"2021-04-18T08:42:46","slug":"aviso-legal","status":"publish","type":"page","link":"https:\/\/zue.eus\/eu\/aviso-legal\/","title":{"rendered":"Aviso legal"},"content":{"rendered":"<p>[vc_row][vc_column][vc_empty_space height=&#8221;100px&#8221;][\/vc_column][\/vc_row][vc_row][vc_column][vc_column_text]<\/p>\n<blockquote>\n<p class=\"p2\"><span class=\"s1\"><b>Aviso legal<\/b><\/span><\/p>\n<p class=\"p4\">Para dar cumplimiento a lo establecido en la Ley 34\/2002, de 11 de julio, de Servicios de la Sociedad de la Informaci\u00f3n y de Comercio Electr\u00f3nico, a continuaci\u00f3n indicamos los datos de la informaci\u00f3n general de nuestro Sitio Web zue.eus.<\/p>\n<p class=\"p6\">\u00bfQUI\u00c9N ES EL RESPONSABLE DEL TRATAMIENTO DE SUS DATOS?<\/p>\n<p class=\"p8\"><b>DENOMINACI\u00d3N SOCIAL:<\/b> ZUE, S.L<\/p>\n<p class=\"p8\"><b>NIF\/CIF:<\/b> B20152054<\/p>\n<p class=\"p8\"><b>DOMICILIO SOCIAL:<\/b> Basusta bidea, s\/n &#8211; 20750 Zumaia(Gipuzkoa)<\/p>\n<p class=\"p8\"><b>DATOS DE INSCRIPCI\u00d3N EN EL REGISTRO MERCANTIL DE GIPUZKOA<\/b><\/p>\n<p class=\"p9\"><b>TOMO: <span class=\"Apple-converted-space\">\u00a0 <\/span>1539 <span class=\"Apple-converted-space\">\u00a0 \u00a0 \u00a0 \u00a0 \u00a0 \u00a0 \u00a0 \u00a0 <\/span>INSCRIPCI\u00d3N:<span class=\"Apple-converted-space\">\u00a0 \u00a0 <\/span>14<span class=\"Apple-converted-space\">\u00a0 \u00a0 \u00a0 \u00a0 \u00a0 \u00a0 \u00a0 <\/span>FOLIO: 71 <span class=\"Apple-converted-space\">\u00a0 \u00a0 \u00a0 \u00a0 \u00a0 \u00a0 \u00a0 \u00a0 \u00a0 \u00a0 <\/span>HOJA: SS-10652<\/b><\/p>\n<p class=\"p8\"><b>TEL\u00c9FONO: <\/b>943 86 21 70<\/p>\n<p class=\"p8\"><b>DIRECCI\u00d3N DE CORREO ELECTR\u00d3NICO:<\/b> zue@zue.eus<\/p>\n<p class=\"p8\"><b>NOMBRE DE DOMINIO:<\/b> zue.eus<\/p>\n<p class=\"p8\">Nuestra Web dispone de las medidas de seguridad de la informaci\u00f3n para evitar el acceso no autorizado a los datos personales.<\/p>\n<p class=\"p12\">CONDICIONES GENERALES Y SU ACEPTACI\u00d3N<\/p>\n<p class=\"p8\">Estas condiciones generales regulan el uso de los servicios que ZUE, S.L. pone a disposici\u00f3n de los usuarios del Sitio Web zue.eus (en adelante \u201cel Sitio Web\u201d)<\/p>\n<p class=\"p13\">La utilizaci\u00f3n de los servicios atribuye la condici\u00f3n de usuario y conlleva la aceptaci\u00f3n de las condiciones generales en el momento en el que el usuario acceda a los mismos.<\/p>\n<p class=\"p13\">El Sitio Web ha sido creado para publicar su oferta de productos y servicios, y para facilitar la contrataci\u00f3n de los mismos.<\/p>\n<p class=\"p13\">Si accede a este Sitio Web est\u00e1 declarando ser mayor de edad y estar facultado de la capacidad legal suficiente para vincularse a los t\u00e9rminos y condiciones que se ponen a su predisposici\u00f3n, y que lo hace bajo su \u00fanica y exclusiva responsabilidad. Si no estuviese conforme con el contenido de los presentes t\u00e9rminos, debe desamparar el Sitio Web.<\/p>\n<p class=\"p13\">El acceso al Sitio Web es libre y gratis para poder informarle de los productos y servicios ofertados.<\/p>\n<p class=\"p13\">El usuario podr\u00e1 navegar y usar la Web sin necesidad de aportar ning\u00fan dato de car\u00e1cter personal. Los \u00fanicos datos personales a los que ZUE, S.L. tendr\u00e1 acceso ser\u00e1n aquellos que el usuario facilite voluntariamente cuando contacte con ZUE, S.L a trav\u00e9s de correo electr\u00f3nico o de cualquier otro modo previsto en la Web. Si se recogen datos personales a trav\u00e9s de cookies, se le informar\u00e1 debidamente a trav\u00e9s de la Pol\u00edtica de Cookies as\u00ed como a trav\u00e9s de los cauces que requiere la legislaci\u00f3n vigente.<\/p>\n<p class=\"p12\">OBJETO<\/p>\n<p class=\"p13\">Las presentes condiciones generales regulan todos los servicios ofrecidos a trav\u00e9s del Sitio Web, as\u00ed como la utilizaci\u00f3n de los mismos por parte de los usuarios<\/p>\n<p class=\"p15\">DATOS DE CAR\u00c1CTER PERSONAL<\/p>\n<p class=\"p4\">ZUE, S.L cumple con las directrices del Reglamento (UE) 2016\/679 del Parlamento Europeo y del Consejo, de 27 de abril de 2016, relativo a la protecci\u00f3n de las personas f\u00edsicas en lo que respecta al tratamiento de datos personales y a la libre circulaci\u00f3n de estos datos (RGPD), velando en todo momento por garantizar un correcto uso y tratamiento de los datos personales del usuario.<\/p>\n<p class=\"p6\">DATOS DEL RESPONSABLE DEL TRATAMIENTO<\/p>\n<p class=\"p8\">ZUE, S.L. con CIF B20152054\u00a0y domicilio en Basusta bidea, s\/n &#8211; 20750 Zumaia (Gipuzkoa) y como responsable de los registros de tratamiento correspondientes para la gesti\u00f3n de los datos recogidos.<\/p>\n<p class=\"p6\">DATOS DEL USUARIO<\/p>\n<p class=\"p8\">Por medio del presente escrito se le informa que los datos personales facilitados voluntariamente por usted ser\u00e1n incorporados a los registros de tratamiento responsabilidad de nuestra entidad y \u00a0pasar\u00e1n a formar parte de nuestra base de datos.<\/p>\n<p class=\"p17\">No tratamos datos de menores de 14 a\u00f1os. Por tanto, abst\u00e9ngase de facilitarlos si no tiene esa edad o, en su caso, de facilitar datos de terceros que no tengan la citada edad. ZUE, S.L. se exime de cualquier responsabilidad por el incumplimiento de esta previsi\u00f3n.<\/p>\n<p class=\"p18\">El usuario \u00a0del Sitio Web ser\u00e1 el \u00fanico responsable de la veracidad y exactitud de los datos aportados, actuando<span class=\"Apple-converted-space\">\u00a0 <\/span>ZUE, S.L. de buena fe como mero prestador de los servicios. En caso de haber facilitado datos falsos o de terceras personas sin mediar su consentimiento para ello, ZUE, S.L. se reserva el derecho a la destrucci\u00f3n inmediata de los citados datos a fin de proteger el derecho del titular o titulares de los mismos eximi\u00e9ndose ZUE, S.L. de cualquier responsabilidad por el incumplimiento de este requisito.<\/p>\n<p class=\"p18\">ZUE, S.L. se compromete al cumplimiento de su obligaci\u00f3n de secreto de los datos de car\u00e1cter personal y de su deber de guardarlos y adoptar\u00e1 todas las medidas de \u00edndole t\u00e9cnica y organizativa para garantizar la seguridad de los datos de car\u00e1cter personal y evitar su alteraci\u00f3n, p\u00e9rdida, tratamiento o acceso no autorizado, habida cuenta del estado de la tecnolog\u00eda, la naturaleza de los datos almacenados y los riesgos a que est\u00e9n expuestos, todo ello de conformidad con lo establecido en la normativa.<\/p>\n<p class=\"p4\">FUNCIONAMIENTO WEB<\/p>\n<p class=\"p4\">ZUE, S.L. no puede asegurar que no se generen interrupciones o bien fallos en el acceso al Sitio Web. Sin embargo, existe el firme compromiso, tan pronto como tenga conocimiento de semejantes incidencias, de hacer todas y cada una de las actuaciones dirigidas a su restablecimiento o bien reparaci\u00f3n, salvo la concurrencia de causas extra\u00f1as a la voluntad de ZUE, S.L. que lo imposibiliten o bien compliquen su ejecuci\u00f3n.<\/p>\n<p class=\"p20\">ZUE, S.L. no va a ser responsable en ning\u00fan caso de los perjuicios o bien da\u00f1os de cualquier clase que pudiesen causar la visita a esta Web, as\u00ed sea por fallo o bien omisi\u00f3n en los contenidos o bien por la transmisi\u00f3n de alg\u00fan programa malicioso que se genere pese a haber tomado las medidas tecnol\u00f3gicas precisas para evitarlo, ni le podr\u00e1n ser exigidas responsabilidades por la interrupci\u00f3n del servicio, inadecuado funcionamiento o imposibilidad de acceso al servicio.<\/p>\n<p class=\"p21\">Cualquier usuario que inserte un contenido que contravenga la legalidad vigente asumir\u00e1 la responsabilidad exclusiva de los perjuicios y consecuencias derivadas de la misma, eximiendo a ZUE, S.L. de cualquier responsabilidad.<\/p>\n<p class=\"p4\">PROPIEDAD INTELECTUAL E INDUSTRIAL<\/p>\n<p class=\"p4\">La totalidad de los elementos y\/o contenidos puestos a su predisposici\u00f3n en el Sitio Web han sido creados por ZUE, S.L. o bien exactamente la misma dispone de una licencia o bien autorizaci\u00f3n para su utilizaci\u00f3n.<\/p>\n<p class=\"p6\">Por ende, todos esos elementos y\/o contenidos (semejantes como: im\u00e1genes, audio, v\u00eddeo, software o bien textos; marcas o bien logos, combinaciones de colores, estructura y dise\u00f1o, aplicaciones precisas para su funcionamiento, acceso y empleo, etc\u00e9tera) y los derechos que se pueden ostentar sobre exactamente los mismos, son de titularidad exclusiva de ZUE, S.L.<\/p>\n<p class=\"p23\">Independientemente de la finalidad para la que fueran destinados, la reproducci\u00f3n total o parcial, uso, explotaci\u00f3n, distribuci\u00f3n y comercializaci\u00f3n, requiere en todo caso de la autorizaci\u00f3n escrita previa por parte del titular del dominio.<\/p>\n<p class=\"p24\">El usuario se compromete a no realizar ning\u00fan acto en contra de los derechos de propiedad intelectual o industrial del autor.<\/p>\n<p class=\"p4\">USO DE ENLACES<\/p>\n<p class=\"p15\">ZUE, S.L. no acepta ning\u00fan g\u00e9nero de responsabilidad, siquiera de manera indirecta o bien subsidiaria, por los contenidos, informaciones, comunicaciones, creencias o bien servicios enlazados desde esos Sitios Webs no gestionados por ZUE, S.L. y que resulten alcanzables mediante la Web, ni garantiza la ausencia de virus o bien otros elementos en exactamente los mismos que puedan generar perturbaciones en el sistema inform\u00e1tico (hardware y software), en los documentos o bien los archivos del usuario, excluyendo cualquier responsabilidad por los da\u00f1os de cualquier tipo ocasionados al usuario por esta raz\u00f3n.<\/p>\n<p class=\"p4\">INCUMPLIMIENTO DE LAS CONDICIONES<\/p>\n<p class=\"p26\">Cualquier incumplimiento puede ser perseguido, as\u00ed como cualquier uso indebido de la Web, pudiendo ZUE, S.L. ejercitar cuantas acciones legales le correspondan en defensa de sus leg\u00edtimos intereses. Incluso se reserva el derecho de limitar o prohibir el acceso a usuarios que la incumplan.<\/p>\n<p class=\"p12\">LEGISLACI\u00d3N APLICABLE<\/p>\n<p class=\"p13\">Estas condiciones legales se han redactado en base a la legislaci\u00f3n Espa\u00f1ola.<\/p>\n<p class=\"p28\">MODIFICACI\u00d3N DEL AVISO LEGAL<\/p>\n<p class=\"p28\">ZUE, S.L se reserva el derecho a introducir modificaciones en este Aviso Legal, por ello se aconseja a los Usuarios que lo visiten peri\u00f3dicamente.<\/p>\n<p class=\"p12\">Cuando se produzcan cambios significativos en este Aviso Legal, se comunicar\u00e1n a los usuarios para su aceptaci\u00f3n mediante avisos en el Portal o a trav\u00e9s de correo electr\u00f3nico o bien trav\u00e9s de cualquier otro procedimiento adecuado seg\u00fan las circunstancias.<\/p>\n<\/blockquote>\n<p>[\/vc_column_text][\/vc_column][\/vc_row][vc_row][vc_column][vc_empty_space height=&#8221;100px&#8221;][\/vc_column][\/vc_row]<\/p>\n","protected":false},"excerpt":{"rendered":"<p>[vc_row][vc_column][vc_empty_space height=&#8221;100px&#8221;][\/vc_column][\/vc_row][vc_row][vc_column][vc_column_text] Aviso legal Para dar cumplimiento a lo establecido en la Ley 34\/2002, de&#8230;<\/p>\n","protected":false},"author":1,"featured_media":0,"parent":0,"menu_order":0,"comment_status":"closed","ping_status":"closed","template":"","meta":{"_mi_skip_tracking":false,"footnotes":""},"_links":{"self":[{"href":"https:\/\/zue.eus\/eu\/wp-json\/wp\/v2\/pages\/5995"}],"collection":[{"href":"https:\/\/zue.eus\/eu\/wp-json\/wp\/v2\/pages"}],"about":[{"href":"https:\/\/zue.eus\/eu\/wp-json\/wp\/v2\/types\/page"}],"author":[{"embeddable":true,"href":"https:\/\/zue.eus\/eu\/wp-json\/wp\/v2\/users\/1"}],"replies":[{"embeddable":true,"href":"https:\/\/zue.eus\/eu\/wp-json\/wp\/v2\/comments?post=5995"}],"version-history":[{"count":2,"href":"https:\/\/zue.eus\/eu\/wp-json\/wp\/v2\/pages\/5995\/revisions"}],"predecessor-version":[{"id":6090,"href":"https:\/\/zue.eus\/eu\/wp-json\/wp\/v2\/pages\/5995\/revisions\/6090"}],"wp:attachment":[{"href":"https:\/\/zue.eus\/eu\/wp-json\/wp\/v2\/media?parent=5995"}],"curies":[{"name":"wp","href":"https:\/\/api.w.org\/{rel}","templated":true}]}}