{"id":6091,"date":"2021-04-18T07:40:28","date_gmt":"2021-04-18T07:40:28","guid":{"rendered":"http:\/\/zue.eus\/politica-de-cookies\/"},"modified":"2021-04-18T07:40:28","modified_gmt":"2021-04-18T07:40:28","slug":"politica-de-cookies","status":"publish","type":"page","link":"https:\/\/zue.eus\/eu\/politica-de-cookies\/","title":{"rendered":"Pol\u00edtica de cookies"},"content":{"rendered":"<p class=\"p1\"><span class=\"s1\"><b>POL\u00cdTICA DE COOKIES<\/b><\/span><\/p>\n<p class=\"p1\"><span class=\"s1\"><b>1.- \u00bfQu\u00e9 es una cookie?<\/b><\/span><\/p>\n<p class=\"p1\">Una Cookie es un fichero que se descarga en su ordenador al acceder a determinadas p\u00e1ginas web. Las cookies permiten a una p\u00e1gina web, entre otras, almacenar y recuperar informaci\u00f3n sobre los h\u00e1bitos de navegaci\u00f3n de un usuario o de su equipo y, dependiendo de la informaci\u00f3n que contengan y de la forma que se utilice su equipo, pueden utilizarse para reconocer al usuario. El navegador del usuario memoriza cookies en el disco duro solamente durante la sesi\u00f3n actual, ocupando un espacio de memoria m\u00ednimo y no perjudicando al ordenador. Las cookies no contienen ninguna clase de informaci\u00f3n personal espec\u00edfica, y la mayor\u00eda de las mismas se borran del disco duro al finalizar la sesi\u00f3n de navegador (las denominadas cookies de sesi\u00f3n).<\/p>\n<p class=\"p1\">La mayor\u00eda de los navegadores aceptan como est\u00e1ndar a las cookies y, con independencia de las mismas, permiten o impiden en los ajustes de seguridad las cookies temporales o memorizadas.<\/p>\n<p class=\"p1\"><span class=\"s1\"><b>2.- \u00bfPor qu\u00e9 zue.eus utiliza Cookies? <\/b><\/span><\/p>\n<p class=\"p1\">Las cookies necesarias ayudan a hacer una p\u00e1gina web utilizable activando funciones b\u00e1sicas como la navegaci\u00f3n en la p\u00e1gina y el acceso a \u00e1reas seguras de la p\u00e1gina web. La p\u00e1gina web no puede funcionar adecuadamente sin estas cookies.<\/p>\n<p class=\"p1\">Se utilizan cookies con el objetivo de mejorar su experiencia como usuario, por lo tanto, son una parte importante de c\u00f3mo funciona nuestro Sitio Web. Entre otras finalidades, pueden ser utilizadas para recordar el idioma que utiliza durante la navegaci\u00f3n y en futuras visitas.<\/p>\n<p class=\"p1\"><span class=\"s1\"><b>3.- \u00bfQu\u00e9 informaci\u00f3n almacena una cookie? <\/b><\/span><\/p>\n<p class=\"p1\">La informaci\u00f3n que suele almacenar una cookie no es informaci\u00f3n considerada sensible, no almacena datos c\u00f3mo los bancarios, el D.N.I., entre otros. El usuario no es identificado como persona, sino que el servidor web le asocia a su navegador web.<\/p>\n<p class=\"p1\"><span class=\"s1\"><b>4.- \u00bfQu\u00e9 tipo de cookies existen? <\/b><\/span><\/p>\n<p class=\"p1\"><b>&#8211; Cookies t\u00e9cnicas:<\/b> Son aquellas que permiten al usuario la navegaci\u00f3n a trav\u00e9s de una p\u00e1gina web, plataforma o aplicaci\u00f3n y la utilizaci\u00f3n de las diferentes opciones o servicios que en ella existan como, por ejemplo, controlar el tr\u00e1fico y la comunicaci\u00f3n de datos, identificar la sesi\u00f3n, acceder a partes de acceso restringido, recordar los elementos que integran un pedido, realizar el proceso de compra de un pedido, realizar la solicitud de inscripci\u00f3n o participaci\u00f3n de un evento, utilizar elementos de seguridad durante la navegaci\u00f3n, almacenar contenidos para la difusi\u00f3n de videos o sonido o compartir contenidos a trav\u00e9s de redes sociales.<\/p>\n<p class=\"p1\"><b>&#8211; Cookies de sesi\u00f3n:<\/b> Recaban y almacenan datos durante la sesi\u00f3n del usuario para, por ejemplo, facilitar el acceso a los servicios del sitio web. Se eliminan cuando finaliza la sesi\u00f3n.<\/p>\n<p class=\"p1\"><b>&#8211; Cookies de personalizaci\u00f3n:<\/b> Son aquellas que permiten al usuario acceder al servicio con algunas caracter\u00edsticas de car\u00e1cter general predefinidas en funci\u00f3n de una serie de criterios en el terminal del usuario como por ejemplo el idioma, el tipo de navegador a trav\u00e9s del cual accede al servicio, la configuraci\u00f3n regional desde donde accede al servicio, etc.<\/p>\n<p class=\"p1\"><b>&#8211; Cookies de an\u00e1lisis:<\/b> Son aquellas que bien tratadas por nosotros o por terceros, nos permiten cuantificar en n\u00famero de usuarios y as\u00ed realizar la medici\u00f3n y an\u00e1lisis estad\u00edstico de la utilizaci\u00f3n que hacen los usuarios del servicio ofertado. Para ello se analiza su navegaci\u00f3n en nuestra p\u00e1gina web con el fin de mejorar la oferta de productos o servicios que le ofrecemos.<\/p>\n<p class=\"p1\"><b>&#8211; Cookies publicitarias:<\/b> Son aqu\u00e9llas que, bien tratadas por nosotros o por terceros, nos permiten gestionar de la forma m\u00e1s eficaz posible la oferta de los espacios publicitarios que hay en la p\u00e1gina web, adecuando el contenido del anuncio al contenido del servicio solicitado o al uso que realice de nuestra p\u00e1gina web. Para ello podemos analizar sus h\u00e1bitos de navegaci\u00f3n en internet y podemos mostrarle publicidad relacionada con su perfil de navegaci\u00f3n.<\/p>\n<p class=\"p1\"><b>&#8211; Cookies de publicidad comportamental:<\/b> Son aqu\u00e9llas que permiten la gesti\u00f3n, de la forma m\u00e1s eficaz posible, de los espacios publicitarios que, en su caso, el editor haya incluido en una p\u00e1gina web, aplicaci\u00f3n o plataforma desde la que presta el servicio solicitado. Estas cookies almacenan informaci\u00f3n del comportamiento de los usuarios obtenidas a trav\u00e9s de la observaci\u00f3n continuada de sus h\u00e1bitos de navegaci\u00f3n, lo que permite desarrollar un perfil espec\u00edfico para mostrar publicidad en funci\u00f3n del mismo.<\/p>\n<p class=\"p1\"><span class=\"s1\"><b>5.- \u00bfQu\u00e9 son las cookies propias y las de terceros? <\/b><\/span><\/p>\n<p class=\"p1\"><b>&#8211; Cookies propias:<\/b> Son aqu\u00e9llas que se env\u00edan al usuario desde un equipo o dominio gestionado por nosotros.<\/p>\n<p class=\"p1\"><b>&#8211; Cookies de terceros: <\/b>Ser\u00edan las generadas por servicios o proveedores externos como Facebook, Twitter, Google, etc.<\/p>\n<p class=\"p1\"><b>6. <\/b><span class=\"s1\"><b>\u00bfQu\u00e9 cookies se utilizan en este sitio web?<\/b><\/span><\/p>\n<p class=\"p1\">La P\u00e1gina Web de ZUE, S.L. utiliza cookies propias y, en concreto, cookies de sesi\u00f3n, que son las que recogen y almacenan datos mientras el usuario accede a \u00e9sta.<\/p>\n<p class=\"p3\">Asimismo, puede utilizar cookies de terceros que recopilar\u00e1n informaci\u00f3n con fines estad\u00edsticos de uso del Sitio Web por parte del usuario y para la prestaci\u00f3n de otros servicios relacionados con la actividad de este y otros servicios de Internet.<\/p>\n<p class=\"p4\">Adem\u00e1s de las cookies estrictamente necesarias para su correcto funcionamiento, el Portal utiliza las siguientes cookies:<\/p>\n<p class=\"p1\"><span class=\"s1\"><b>7.- \u00bfSe pueden desactivar o eliminar las cookies?<\/b> <\/span><\/p>\n<p class=\"p1\">Usted puede rechazar el tratamiento de los datos o informaci\u00f3n recogidos por las cookies en cualquier momento, mediante la configuraci\u00f3n de las opciones de su navegador de Internet. Puede permitir, bloquear (de forma general o particular para un dominio espec\u00edfico) o eliminar las cookies instaladas en su equipo.<\/p>\n<p class=\"p3\">Sin embargo, esto podr\u00eda afectar la \u00f3ptima navegaci\u00f3n de nuestro sitio web, ya que algunas funcionalidades se desactivar\u00edan y la visualizaci\u00f3n de algunas herramientas se podr\u00eda ver perjudicada.<\/p>\n<p class=\"p5\">Para m\u00e1s informaci\u00f3n sobre <b>Firefox <\/b>pulse aqu\u00ed:<\/p>\n<p class=\"p6\"><span class=\"s1\"><a href=\"http:\/\/support.mozilla.org\/es\/kb\/cookies-informacion-que-los-sitios-web-guardan-en-#w_configurar-las-cookies\">http:\/\/support.mozilla.org\/es\/kb\/cookies-informacion-que-los-sitios-web-guardan-en-#w_configurar-las-cookies<\/a><\/span><span class=\"s2\">.<\/span><\/p>\n<p class=\"p5\">Para m\u00e1s informaci\u00f3n sobre <b>Chrome <\/b>pulse aqu\u00ed:<\/p>\n<p class=\"p6\"><span class=\"s1\"><a href=\"http:\/\/support.google.com\/chrome\/bin\/answer.py?hl=es&amp;answer=95647\">http:\/\/support.google.com\/chrome\/bin\/answer.py?hl=es&amp;answer=95647<\/a><\/span><span class=\"s2\">.<\/span><\/p>\n<p class=\"p5\">Para m\u00e1s informaci\u00f3n sobre <b>Explorer<\/b> pulse aqu\u00ed:<\/p>\n<p class=\"p6\"><span class=\"s1\"><a href=\"https:\/\/support.microsoft.com\/es-es\/help\/17442\/windows-internet-explorer-delete-manage-cookies\">https:\/\/support.microsoft.com\/es-es\/help\/17442\/windows-internet-explorer-delete-manage-cookies<\/a><\/span><\/p>\n<p class=\"p5\">Para m\u00e1s informaci\u00f3n sobre <b>Safari<\/b> pulse aqu\u00ed:<\/p>\n<p class=\"p6\"><span class=\"s1\"><a href=\"http:\/\/support.apple.com\/kb\/ph5042\">http:\/\/support.apple.com\/kb\/ph5042<\/a><\/span><span class=\"s2\">.<\/span><\/p>\n<p class=\"p5\">Para m\u00e1s informaci\u00f3n sobre <b>Opera<\/b> pulse aqu\u00ed:<\/p>\n<p class=\"p6\"><span class=\"s1\"><a href=\"http:\/\/help.opera.com\/Windows\/11.50\/esES\/cookies.html\">http:\/\/help.opera.com\/Windows\/11.50\/esES\/cookies.html<\/a><\/span><span class=\"s2\">.<\/span><\/p>\n<p class=\"p1\"><span class=\"s1\"><b>8.- El usuario acepta expresamente, por la utilizaci\u00f3n de este <i>Site,<\/i> el tratamiento de la informaci\u00f3n recabada en la forma y con los fines anteriormente mencionados<\/b><\/span>. Y de la misma forma reconoce la posibilidad de rechazar el tratamiento de los datos o informaci\u00f3n, rechazando el uso de las cookies mediante la selecci\u00f3n de la configuraci\u00f3n apropiada a tal fin en su navegador. Si bien esta opci\u00f3n de bloqueo de Cookies en su navegador puede no permitirle el uso pleno de todas las funcionalidades del <i>Website<\/i>.<\/p>\n<p class=\"p4\">Si tiene dudas sobre esta pol\u00edtica de cookies, puede contactar con zue@zue.eus<\/p>\n","protected":false},"excerpt":{"rendered":"<p>POL\u00cdTICA DE COOKIES 1.- \u00bfQu\u00e9 es una cookie? Una Cookie es un fichero que se&#8230;<\/p>\n","protected":false},"author":1,"featured_media":0,"parent":0,"menu_order":0,"comment_status":"closed","ping_status":"closed","template":"","meta":{"_mi_skip_tracking":false,"footnotes":""},"_links":{"self":[{"href":"https:\/\/zue.eus\/eu\/wp-json\/wp\/v2\/pages\/6091"}],"collection":[{"href":"https:\/\/zue.eus\/eu\/wp-json\/wp\/v2\/pages"}],"about":[{"href":"https:\/\/zue.eus\/eu\/wp-json\/wp\/v2\/types\/page"}],"author":[{"embeddable":true,"href":"https:\/\/zue.eus\/eu\/wp-json\/wp\/v2\/users\/1"}],"replies":[{"embeddable":true,"href":"https:\/\/zue.eus\/eu\/wp-json\/wp\/v2\/comments?post=6091"}],"version-history":[{"count":0,"href":"https:\/\/zue.eus\/eu\/wp-json\/wp\/v2\/pages\/6091\/revisions"}],"wp:attachment":[{"href":"https:\/\/zue.eus\/eu\/wp-json\/wp\/v2\/media?parent=6091"}],"curies":[{"name":"wp","href":"https:\/\/api.w.org\/{rel}","templated":true}]}}